{"id":596,"date":"2014-12-16T09:44:00","date_gmt":"2014-12-16T09:44:00","guid":{"rendered":"http:\/\/fikasfamily.gr\/?page_id=596"},"modified":"2015-01-22T07:34:03","modified_gmt":"2015-01-22T07:34:03","slug":"inauguration-de-lexposition","status":"publish","type":"page","link":"https:\/\/fikasfamily.gr\/fr\/inauguration-de-lexposition\/","title":{"rendered":"Inauguration de l&rsquo;exposition"},"content":{"rendered":"<p>[vc_row][vc_column width=\u00a0\u00bb1\/1&Prime;][vc_empty_space][vc_custom_heading text=\u00a0\u00bbDes congr\u00e9gations de Fikas, Mus\u00e9e de la guerre de Thessalonique\u00a0\u00bb font_container=\u00a0\u00bbtag:h2|font_size:28|text_align:center\u00a0\u00bb google_fonts=\u00a0\u00bbfont_family:Abril%20Fatface%3Aregular|font_style:400%20regular%3A400%3Anormal\u00a0\u00bb][vc_custom_heading text=\u00a0\u00bbSunday 21 September 2014&Prime; font_container=\u00a0\u00bbtag:h2|font_size:22|text_align:center\u00a0\u00bb google_fonts=\u00a0\u00bbfont_family:Abril%20Fatface%3Aregular|font_style:400%20regular%3A400%3Anormal\u00a0\u00bb][vc_single_image image=\u00a0\u00bb231&Prime; border_color=\u00a0\u00bbgrey\u00a0\u00bb img_link_target=\u00a0\u00bb_self\u00a0\u00bb img_size=\u00a0\u00bb1200&#215;748&Prime; alignment=\u00a0\u00bbcenter\u00a0\u00bb][vc_column_text]<strong>Premi\u00e8re Rang\u00e9e:<\/strong> Katerina (\u00e9pouse du Perikles Nik. Fikas), Elli (\u00e9pouse du Pan.Fikas), Panagiotis Fikas, Marina (\u00e9pouse du Alexandros Pan. Fikas), Vicky (\u00e9pouse du Konstantinos Per. Fikas), Konstantinos Per. Fikas, Makis Evaggeliou, Periklis Kon. Fikas, Fani (fille de Fotis Paparoupas), Christina Fika (fille de Aristomenis Fikas) &amp; Katerina, Lena (fille de Fotis Paparoupas), Katerina (\u00e9pouse du Aristomenis Fikas), Iro (fille de Aristomenis Fikas) &amp; Alice, Polyxeni Souflerou, Chrysa Katsavria, Zoi Fika (fille de Aristomenis Fikas) &amp; Aristomenis<\/p>\n<p><strong>Deuxi\u00e8me Rang\u00e9e:\u00a0<\/strong>Konstantinos Pan. Fikas, Electra (\u00e9pouse du Konstantinou Pan. Fika), Penelope (\u00e9pouse du Iraklis Fikas), Periklis Nik. Fikas, Georgios Per. Fikas, Chrysa (\u00e9pouse du Fotis Paparoupas), Eufrosini Paparoupa, Nancy (fille de Chrysa Katsavria), Georgia Fika (fille de Iraklis), Popi (\u00e9pouse du Yannis Kon. Fikas).<\/p>\n<div><strong>Troisi\u00e8me Rang\u00e9e\u00a0:<\/strong>\u00a0Fotis Paparoupas, Yannis Georg. Fikas, Iraklis Georg. Fikas, Yannis Kon. Fikas, Dimitrios Pan. Fikas, Iraklis Pan. Fikas, Konstantinos Pan. Fikas, Vicky Fika (\u00e9pouse du Konstantinos Pan. Fikas), Aristomenis D. Fikas<\/div>\n<p>[\/vc_column_text][vc_empty_space height=\u00a0\u00bb62px\u00a0\u00bb][\/vc_column][\/vc_row][vc_row css=\u00a0\u00bb.vc_custom_1418030976070{margin-top: 30px !important;margin-bottom: 50px !important;border-bottom-width: 50px !important;padding-top: 30px !important;background-color: #c79c60 !important;background-position: center !important;background-repeat: no-repeat !important;background-size: cover !important;}\u00a0\u00bb full_width=\u00a0\u00bbtrue\u00a0\u00bb parallax_speed=\u00a0\u00bb0.8&Prime; bg_video_transparent=\u00a0\u00bb0&Prime;][vc_column width=\u00a0\u00bb1\/1&Prime;][vc_custom_heading text=\u00a0\u00bbImages de la pr\u00e9sentation et le th\u00e9\u00e2tre \u00e0 la journ\u00e9e d&rsquo;ouverture\u00a0\u00bb font_container=\u00a0\u00bbtag:h2|font_size:32|text_align:center\u00a0\u00bb google_fonts=\u00a0\u00bbfont_family:Abril%20Fatface%3Aregular|font_style:400%20regular%3A400%3Anormal\u00a0\u00bb][vc_row_inner][vc_column_inner width=\u00a0\u00bb1\/1&Prime;][vc_column_text]<style type=\"text\/css\">a.eg-henryharrison-element-1,a.eg-henryharrison-element-2{-webkit-transition:all .4s linear;   -moz-transition:all .4s linear;   -o-transition:all .4s linear;   -ms-transition:all .4s linear;   transition:all .4s linear}.eg-jimmy-carter-element-11 i:before{margin-left:0px; margin-right:0px}.eg-harding-element-17{letter-spacing:1px}.eg-harding-wrapper .esg-entry-media{overflow:hidden; box-sizing:border-box;   -webkit-box-sizing:border-box;   -moz-box-sizing:border-box;   padding:30px 30px 0px 30px}.eg-harding-wrapper .esg-media-poster{overflow:hidden; border-radius:50%;   -webkit-border-radius:50%;   -moz-border-radius:50%}.eg-ulysses-s-grant-wrapper .esg-entry-media{overflow:hidden; box-sizing:border-box;   -webkit-box-sizing:border-box;   -moz-box-sizing:border-box;   padding:30px 30px 0px 30px}.eg-ulysses-s-grant-wrapper .esg-media-poster{overflow:hidden; border-radius:50%;   -webkit-border-radius:50%;   -moz-border-radius:50%}.eg-richard-nixon-wrapper .esg-entry-media{overflow:hidden; box-sizing:border-box;   -webkit-box-sizing:border-box;   -moz-box-sizing:border-box;   padding:30px 30px 0px 30px}.eg-richard-nixon-wrapper .esg-media-poster{overflow:hidden; border-radius:50%;   -webkit-border-radius:50%;   -moz-border-radius:50%}.eg-herbert-hoover-wrapper .esg-media-poster{filter:url(\"data:image\/svg+xml;utf8,<svg xmlns='http:\/\/www.w3.org\/2000\/svg'><filter id='grayscale'><feColorMatrix type='matrix' values='0.3333 0.3333 0.3333 0 0 0.3333 0.3333 0.3333 0 0 0.3333 0.3333 0.3333 0 0 0 0 0 1 0'\/><\/filter><\/svg>#grayscale\");   filter:gray;   -webkit-filter:grayscale(100%)}.eg-herbert-hoover-wrapper:hover .esg-media-poster{filter:url(\"data:image\/svg+xml;utf8,<svg xmlns='http:\/\/www.w3.org\/2000\/svg'><filter id='grayscale'><feColorMatrix type='matrix' values='1 0 0 0 0,0 1 0 0 0,0 0 1 0 0,0 0 0 1 0'\/><\/filter><\/svg>#grayscale\");  -webkit-filter:grayscale(0%)}.eg-lyndon-johnson-wrapper .esg-media-poster{filter:url(\"data:image\/svg+xml;utf8,<svg xmlns='http:\/\/www.w3.org\/2000\/svg'><filter id='grayscale'><feColorMatrix type='matrix' values='0.3333 0.3333 0.3333 0 0 0.3333 0.3333 0.3333 0 0 0.3333 0.3333 0.3333 0 0 0 0 0 1 0'\/><\/filter><\/svg>#grayscale\");   filter:gray;   -webkit-filter:grayscale(100%)}.eg-lyndon-johnson-wrapper:hover .esg-media-poster{filter:url(\"data:image\/svg+xml;utf8,<svg xmlns='http:\/\/www.w3.org\/2000\/svg'><filter id='grayscale'><feColorMatrix type='matrix' values='1 0 0 0 0,0 1 0 0 0,0 0 1 0 0,0 0 0 1 0'\/><\/filter><\/svg>#grayscale\");  -webkit-filter:grayscale(0%)}.esg-overlay.eg-ronald-reagan-container{background:-moz-linear-gradient(top,rgba(0,0,0,0) 50%,rgba(0,0,0,0.83) 99%,rgba(0,0,0,0.85) 100%); background:-webkit-gradient(linear,left top,left bottom,color-stop(50%,rgba(0,0,0,0)),color-stop(99%,rgba(0,0,0,0.83)),color-stop(100%,rgba(0,0,0,0.85))); background:-webkit-linear-gradient(top,rgba(0,0,0,0) 50%,rgba(0,0,0,0.83) 99%,rgba(0,0,0,0.85) 100%); background:-o-linear-gradient(top,rgba(0,0,0,0) 50%,rgba(0,0,0,0.83) 99%,rgba(0,0,0,0.85) 100%); background:-ms-linear-gradient(top,rgba(0,0,0,0) 50%,rgba(0,0,0,0.83) 99%,rgba(0,0,0,0.85) 100%); background:linear-gradient(to bottom,rgba(0,0,0,0) 50%,rgba(0,0,0,0.83) 99%,rgba(0,0,0,0.85) 100%); filter:progid:DXImageTransform.Microsoft.gradient( startColorstr='#00000000',endColorstr='#d9000000',GradientType=0 )}.eg-georgebush-wrapper .esg-entry-cover{background:-moz-linear-gradient(top,rgba(0,0,0,0) 50%,rgba(0,0,0,0.83) 99%,rgba(0,0,0,0.85) 100%); background:-webkit-gradient(linear,left top,left bottom,color-stop(50%,rgba(0,0,0,0)),color-stop(99%,rgba(0,0,0,0.83)),color-stop(100%,rgba(0,0,0,0.85))); background:-webkit-linear-gradient(top,rgba(0,0,0,0) 50%,rgba(0,0,0,0.83) 99%,rgba(0,0,0,0.85) 100%); background:-o-linear-gradient(top,rgba(0,0,0,0) 50%,rgba(0,0,0,0.83) 99%,rgba(0,0,0,0.85) 100%); background:-ms-linear-gradient(top,rgba(0,0,0,0) 50%,rgba(0,0,0,0.83) 99%,rgba(0,0,0,0.85) 100%); background:linear-gradient(to bottom,rgba(0,0,0,0) 50%,rgba(0,0,0,0.83) 99%,rgba(0,0,0,0.85) 100%); filter:progid:DXImageTransform.Microsoft.gradient( startColorstr='#00000000',endColorstr='#d9000000',GradientType=0 )}.eg-jefferson-wrapper{-webkit-border-radius:5px !important; -moz-border-radius:5px !important; border-radius:5px !important; -webkit-mask-image:url(data:image\/png;base64,iVBORw0KGgoAAAANSUhEUgAAAAEAAAABCAIAAACQd1PeAAAAGXRFWHRTb2Z0d2FyZQBBZG9iZSBJbWFnZVJlYWR5ccllPAAAAA5JREFUeNpiYGBgAAgwAAAEAAGbA+oJAAAAAElFTkSuQmCC) !important}.eg-monroe-element-1{text-shadow:0px 1px 3px rgba(0,0,0,0.1)}.eg-lyndon-johnson-wrapper .esg-entry-cover{background:-moz-radial-gradient(center,ellipse cover,rgba(0,0,0,0.35) 0%,rgba(18,18,18,0) 96%,rgba(19,19,19,0) 100%); background:-webkit-gradient(radial,center center,0px,center center,100%,color-stop(0%,rgba(0,0,0,0.35)),color-stop(96%,rgba(18,18,18,0)),color-stop(100%,rgba(19,19,19,0))); background:-webkit-radial-gradient(center,ellipse cover,rgba(0,0,0,0.35) 0%,rgba(18,18,18,0) 96%,rgba(19,19,19,0) 100%); background:-o-radial-gradient(center,ellipse cover,rgba(0,0,0,0.35) 0%,rgba(18,18,18,0) 96%,rgba(19,19,19,0) 100%); background:-ms-radial-gradient(center,ellipse cover,rgba(0,0,0,0.35) 0%,rgba(18,18,18,0) 96%,rgba(19,19,19,0) 100%); background:radial-gradient(ellipse at center,rgba(0,0,0,0.35) 0%,rgba(18,18,18,0) 96%,rgba(19,19,19,0) 100%); filter:progid:DXImageTransform.Microsoft.gradient( startColorstr='#59000000',endColorstr='#00131313',GradientType=1 )}.eg-wilbert-wrapper .esg-entry-cover{background:-moz-radial-gradient(center,ellipse cover,rgba(0,0,0,0.35) 0%,rgba(18,18,18,0) 96%,rgba(19,19,19,0) 100%); background:-webkit-gradient(radial,center center,0px,center center,100%,color-stop(0%,rgba(0,0,0,0.35)),color-stop(96%,rgba(18,18,18,0)),color-stop(100%,rgba(19,19,19,0))); background:-webkit-radial-gradient(center,ellipse cover,rgba(0,0,0,0.35) 0%,rgba(18,18,18,0) 96%,rgba(19,19,19,0) 100%); background:-o-radial-gradient(center,ellipse cover,rgba(0,0,0,0.35) 0%,rgba(18,18,18,0) 96%,rgba(19,19,19,0) 100%); background:-ms-radial-gradient(center,ellipse cover,rgba(0,0,0,0.35) 0%,rgba(18,18,18,0) 96%,rgba(19,19,19,0) 100%); background:radial-gradient(ellipse at center,rgba(0,0,0,0.35) 0%,rgba(18,18,18,0) 96%,rgba(19,19,19,0) 100%); filter:progid:DXImageTransform.Microsoft.gradient( startColorstr='#59000000',endColorstr='#00131313',GradientType=1 )}.eg-wilbert-wrapper .esg-media-poster{-webkit-transition:0.4s ease-in-out;  -moz-transition:0.4s ease-in-out;  -o-transition:0.4s ease-in-out;  transition:0.4s ease-in-out;  filter:url(\"data:image\/svg+xml;utf8,<svg xmlns='http:\/\/www.w3.org\/2000\/svg'><filter id='grayscale'><feColorMatrix type='matrix' values='0.3333 0.3333 0.3333 0 0 0.3333 0.3333 0.3333 0 0 0.3333 0.3333 0.3333 0 0 0 0 0 1 0'\/><\/filter><\/svg>#grayscale\");   filter:gray;   -webkit-filter:grayscale(100%)}.eg-wilbert-wrapper:hover .esg-media-poster{filter:url(\"data:image\/svg+xml;utf8,<svg xmlns='http:\/\/www.w3.org\/2000\/svg'><filter id='grayscale'><feColorMatrix type='matrix' values='1 0 0 0 0,0 1 0 0 0,0 0 1 0 0,0 0 0 1 0'\/><\/filter><\/svg>#grayscale\");  -webkit-filter:grayscale(0%)}.eg-phillie-element-3:after{content:\" \";width:0px;height:0px;border-style:solid;border-width:5px 5px 0 5px;border-color:#000 transparent transparent transparent;left:50%;margin-left:-5px; bottom:-5px; position:absolute}.eg-howardtaft-wrapper .esg-media-poster,.eg-howardtaft-wrapper .esg-media-poster{filter:url(\"data:image\/svg+xml;utf8,<svg xmlns='http:\/\/www.w3.org\/2000\/svg'><filter id='grayscale'><feColorMatrix type='matrix' values='1 0 0 0 0,0 1 0 0 0,0 0 1 0 0,0 0 0 1 0'\/><\/filter><\/svg>#grayscale\");  -webkit-filter:grayscale(0%)}.eg-howardtaft-wrapper:hover .esg-media-poster,.eg-howardtaft-wrapper:hover .esg-media-poster{filter:url(\"data:image\/svg+xml;utf8,<svg xmlns='http:\/\/www.w3.org\/2000\/svg'><filter id='grayscale'><feColorMatrix type='matrix' values='0.3333 0.3333 0.3333 0 0 0.3333 0.3333 0.3333 0 0 0.3333 0.3333 0.3333 0 0 0 0 0 1 0'\/><\/filter><\/svg>#grayscale\");   filter:gray;   -webkit-filter:grayscale(100%)}.myportfolio-container .added_to_cart.wc-forward{font-family:\"Open Sans\"; font-size:13px; color:#fff; margin-top:10px}.esgbox-title.esgbox-title-outside-wrap{font-size:15px; font-weight:700; text-align:center}.esgbox-title.esgbox-title-inside-wrap{padding-bottom:10px; font-size:15px; font-weight:700; text-align:center}.esg-content.eg-twitterstream-element-33-a{display:inline-block}.eg-twitterstream-element-35{word-break:break-all}.esg-overlay.eg-twitterstream-container{background:-moz-linear-gradient(top,rgba(0,0,0,0) 50%,rgba(0,0,0,0.83) 99%,rgba(0,0,0,0.85) 100%); background:-webkit-gradient(linear,left top,left bottom,color-stop(50%,rgba(0,0,0,0)),color-stop(99%,rgba(0,0,0,0.83)),color-stop(100%,rgba(0,0,0,0.85))); background:-webkit-linear-gradient(top,rgba(0,0,0,0) 50%,rgba(0,0,0,0.83) 99%,rgba(0,0,0,0.85) 100%); background:-o-linear-gradient(top,rgba(0,0,0,0) 50%,rgba(0,0,0,0.83) 99%,rgba(0,0,0,0.85) 100%); background:-ms-linear-gradient(top,rgba(0,0,0,0) 50%,rgba(0,0,0,0.83) 99%,rgba(0,0,0,0.85) 100%); background:linear-gradient(to bottom,rgba(0,0,0,0) 50%,rgba(0,0,0,0.83) 99%,rgba(0,0,0,0.85) 100%); filter:progid:DXImageTransform.Microsoft.gradient( startColorstr='#00000000',endColorstr='#d9000000',GradientType=0 )}.esg-content.eg-facebookstream-element-33-a{display:inline-block}.eg-facebookstream-element-0{word-break:break-all}.esg-overlay.eg-flickrstream-container{background:-moz-linear-gradient(top,rgba(0,0,0,0) 50%,rgba(0,0,0,0.83) 99%,rgba(0,0,0,0.85) 100%); background:-webkit-gradient(linear,left top,left bottom,color-stop(50%,rgba(0,0,0,0)),color-stop(99%,rgba(0,0,0,0.83)),color-stop(100%,rgba(0,0,0,0.85))); background:-webkit-linear-gradient(top,rgba(0,0,0,0) 50%,rgba(0,0,0,0.83) 99%,rgba(0,0,0,0.85) 100%); background:-o-linear-gradient(top,rgba(0,0,0,0) 50%,rgba(0,0,0,0.83) 99%,rgba(0,0,0,0.85) 100%); background:-ms-linear-gradient(top,rgba(0,0,0,0) 50%,rgba(0,0,0,0.83) 99%,rgba(0,0,0,0.85) 100%); background:linear-gradient(to bottom,rgba(0,0,0,0) 50%,rgba(0,0,0,0.83) 99%,rgba(0,0,0,0.85) 100%); filter:progid:DXImageTransform.Microsoft.gradient( startColorstr='#00000000',endColorstr='#d9000000',GradientType=0 )}<\/style>\n<!-- CACHE CREATED FOR: 3 -->[\/vc_column_text][\/vc_column_inner][\/vc_row_inner][vc_empty_space height=\u00a0\u00bb32px\u00a0\u00bb][\/vc_column][\/vc_row][vc_row][vc_column width=\u00a0\u00bb1\/1&Prime;][vc_custom_heading text=\u00a0\u00bbPresse\u00a0\u00bb font_container=\u00a0\u00bbtag:h2|font_size:28|text_align:center\u00a0\u00bb google_fonts=\u00a0\u00bbfont_family:Abril%20Fatface%3Aregular|font_style:400%20regular%3A400%3Anormal\u00a0\u00bb][vc_row_inner][vc_column_inner width=\u00a0\u00bb1\/3&Prime;][vc_column_text]<img class=\"size-full wp-image-1230 aligncenter\" src=\"https:\/\/fikasfamily.gr\/wp-content\/uploads\/2014\/12\/Aggelioforos-1.jpg\" alt=\"Aggelioforos-1\" width=\"350\" height=\"83\" srcset=\"https:\/\/fikasfamily.gr\/wp-content\/uploads\/2014\/12\/Aggelioforos-1-300x71.jpg 300w, https:\/\/fikasfamily.gr\/wp-content\/uploads\/2014\/12\/Aggelioforos-1.jpg 350w\" sizes=\"(max-width: 350px) 100vw, 350px\" \/>[\/vc_column_text][\/vc_column_inner][vc_column_inner width=\u00a0\u00bb1\/3&Prime;][vc_column_text]<img class=\"size-full wp-image-1250 aligncenter\" src=\"https:\/\/fikasfamily.gr\/wp-content\/uploads\/2014\/12\/Makedonia-1.jpg\" alt=\"Makedonia-1\" width=\"350\" height=\"73\" srcset=\"https:\/\/fikasfamily.gr\/wp-content\/uploads\/2014\/12\/Makedonia-1-300x62.jpg 300w, https:\/\/fikasfamily.gr\/wp-content\/uploads\/2014\/12\/Makedonia-1.jpg 350w\" sizes=\"(max-width: 350px) 100vw, 350px\" \/>[\/vc_column_text][\/vc_column_inner][vc_column_inner width=\u00a0\u00bb1\/3&Prime;][vc_column_text]<img class=\"size-full wp-image-1242 aligncenter\" src=\"https:\/\/fikasfamily.gr\/wp-content\/uploads\/2014\/12\/Kyriakatiki-1.jpg\" alt=\"Kyriakatiki-1\" width=\"350\" height=\"55\" srcset=\"https:\/\/fikasfamily.gr\/wp-content\/uploads\/2014\/12\/Kyriakatiki-1-300x47.jpg 300w, https:\/\/fikasfamily.gr\/wp-content\/uploads\/2014\/12\/Kyriakatiki-1.jpg 350w\" sizes=\"(max-width: 350px) 100vw, 350px\" \/>[\/vc_column_text][\/vc_column_inner][\/vc_row_inner][vc_empty_space height=\u00a0\u00bb32px\u00a0\u00bb][vc_row_inner][vc_column_inner width=\u00a0\u00bb1\/3&Prime; css=\u00a0\u00bb.vc_custom_1418643560771{padding-left: 40px !important;}\u00a0\u00bb][vc_gallery type=\u00a0\u00bbimage_grid\u00a0\u00bb interval=\u00a0\u00bb3&Prime; images=\u00a0\u00bb437,446&Prime; onclick=\u00a0\u00bblink_image\u00a0\u00bb custom_links_target=\u00a0\u00bb_self\u00a0\u00bb][\/vc_column_inner][vc_column_inner width=\u00a0\u00bb1\/3&Prime; css=\u00a0\u00bb.vc_custom_1418643464031{padding-left: 120px !important;}\u00a0\u00bb][vc_gallery type=\u00a0\u00bbimage_grid\u00a0\u00bb interval=\u00a0\u00bb3&Prime; images=\u00a0\u00bb442&Prime; onclick=\u00a0\u00bblink_image\u00a0\u00bb custom_links_target=\u00a0\u00bb_self\u00a0\u00bb][\/vc_column_inner][vc_column_inner width=\u00a0\u00bb1\/3&Prime; css=\u00a0\u00bb.vc_custom_1418643471231{padding-left: 120px !important;}\u00a0\u00bb][vc_gallery type=\u00a0\u00bbimage_grid\u00a0\u00bb interval=\u00a0\u00bb3&Prime; images=\u00a0\u00bb440&Prime; onclick=\u00a0\u00bblink_image\u00a0\u00bb custom_links_target=\u00a0\u00bb_self\u00a0\u00bb][\/vc_column_inner][\/vc_row_inner][\/vc_column][\/vc_row][vc_row css=\u00a0\u00bb.vc_custom_1417600134136{margin-top: 30px !important;margin-bottom: 50px !important;border-bottom-width: 50px !important;padding-top: 30px !important;background: #c79c60 url(https:\/\/fikasfamily.gr\/wp-content\/uploads\/2014\/09\/bg3.jpg?id=93) !important;background-position: center !important;background-repeat: no-repeat !important;background-size: cover !important;}\u00a0\u00bb full_width=\u00a0\u00bbtrue\u00a0\u00bb parallax_speed=\u00a0\u00bb0.8&Prime; bg_video_transparent=\u00a0\u00bb0&Prime;][vc_column width=\u00a0\u00bb1\/1&Prime;][vc_custom_heading text=\u00a0\u00bbVid\u00e9o de l&rsquo;ouverture de l&rsquo;exposition\u00a0\u00bb font_container=\u00a0\u00bbtag:h2|font_size:28|text_align:center\u00a0\u00bb google_fonts=\u00a0\u00bbfont_family:Abril%20Fatface%3Aregular|font_style:400%20regular%3A400%3Anormal\u00a0\u00bb][vc_row_inner][vc_column_inner width=\u00a0\u00bb1\/3&Prime;][vc_column_text]<\/p>\n<p style=\"text-align: center;\">[litebox href=\u00a0\u00bbhttps:\/\/www.youtube.com\/watch?v=ryb7_ML68_I#t=18&Prime;]<\/p>\n<p>[\/vc_column_text][\/vc_column_inner][vc_column_inner width=\u00a0\u00bb1\/3&Prime;][vc_column_text]<\/p>\n<p style=\"text-align: center;\">[litebox href=\u00a0\u00bbhttps:\/\/www.youtube.com\/watch?v=TpT6GCymzs0&amp;feature=youtu.be\u00a0\u00bb]<\/p>\n<p>[\/vc_column_text][\/vc_column_inner][vc_column_inner width=\u00a0\u00bb1\/3&Prime;][vc_column_text]<\/p>\n<p style=\"text-align: center;\">[litebox href=\u00a0\u00bbhttps:\/\/www.youtube.com\/watch?v=PeezWfAF4F8;feature=youtu.be\u00a0\u00bb]<\/p>\n<p>[\/vc_column_text][\/vc_column_inner][\/vc_row_inner][vc_row_inner][vc_column_inner width=\u00a0\u00bb1\/3&Prime;][vc_column_text]<\/p>\n<h5 style=\"text-align: center;\">Pr\u00e9sentation de l&rsquo;exposition<\/h5>\n<p>[\/vc_column_text][\/vc_column_inner][vc_column_inner width=\u00a0\u00bb1\/3&Prime;][vc_column_text]<\/p>\n<h5 style=\"text-align: center;\">Th\u00e9\u00e2tre<\/h5>\n<p>[\/vc_column_text][\/vc_column_inner][vc_column_inner width=\u00a0\u00bb1\/3&Prime;][vc_column_text]<\/p>\n<h5 style=\"text-align: center;\">Fotis Paparoupas Video<\/h5>\n<p>[\/vc_column_text][\/vc_column_inner][\/vc_row_inner][vc_empty_space height=\u00a0\u00bb32px\u00a0\u00bb][\/vc_column][\/vc_row]<\/p>\n","protected":false},"excerpt":{"rendered":"<p>[vc_row][vc_column width=\u00a0\u00bb1\/1&Prime;][vc_empty_space][vc_custom_heading text=\u00a0\u00bbDes congr\u00e9gations de Fikas, Mus\u00e9e de la guerre [&hellip;]<\/p>\n","protected":false},"author":1,"featured_media":0,"parent":0,"menu_order":0,"comment_status":"closed","ping_status":"closed","template":"","meta":[],"yoast_head":"<!-- This site is optimized with the Yoast SEO plugin v15.0 - https:\/\/yoast.com\/wordpress\/plugins\/seo\/ -->\n<title>Inauguration de l&#039;exposition - Fikas Family History<\/title>\n<meta name=\"robots\" content=\"index, follow, max-snippet:-1, max-image-preview:large, max-video-preview:-1\" \/>\n<link rel=\"canonical\" href=\"https:\/\/fikasfamily.gr\/fr\/inauguration-de-lexposition\/\" \/>\n<meta property=\"og:locale\" content=\"fr_FR\" \/>\n<meta property=\"og:type\" content=\"article\" \/>\n<meta property=\"og:title\" content=\"Inauguration de l&#039;exposition - Fikas Family History\" \/>\n<meta property=\"og:description\" content=\"[vc_row][vc_column width=\u00a0\u00bb1\/1&Prime;][vc_empty_space][vc_custom_heading text=\u00a0\u00bbDes congr\u00e9gations de Fikas, Mus\u00e9e de la guerre [&hellip;]\" \/>\n<meta property=\"og:url\" content=\"https:\/\/fikasfamily.gr\/fr\/inauguration-de-lexposition\/\" \/>\n<meta property=\"og:site_name\" content=\"Fikas Family History\" \/>\n<meta property=\"article:modified_time\" content=\"2015-01-22T07:34:03+00:00\" \/>\n<meta property=\"og:image\" content=\"https:\/\/fikasfamily.gr\/wp-content\/uploads\/2014\/12\/Aggelioforos-1.jpg\" \/>\n<meta name=\"twitter:card\" content=\"summary_large_image\" \/>\n<script type=\"application\/ld+json\" class=\"yoast-schema-graph\">{\"@context\":\"https:\/\/schema.org\",\"@graph\":[{\"@type\":\"Organization\",\"@id\":\"https:\/\/fikasfamily.gr\/fr\/#organization\",\"name\":\"Fikas Family\",\"url\":\"https:\/\/fikasfamily.gr\/fr\/\",\"sameAs\":[],\"logo\":{\"@type\":\"ImageObject\",\"@id\":\"https:\/\/fikasfamily.gr\/fr\/#logo\",\"inLanguage\":\"fr-FR\",\"url\":\"https:\/\/fikasfamily.gr\/wp-content\/uploads\/2014\/12\/Clock2.png\",\"width\":260,\"height\":123,\"caption\":\"Fikas Family\"},\"image\":{\"@id\":\"https:\/\/fikasfamily.gr\/fr\/#logo\"}},{\"@type\":\"WebSite\",\"@id\":\"https:\/\/fikasfamily.gr\/fr\/#website\",\"url\":\"https:\/\/fikasfamily.gr\/fr\/\",\"name\":\"Fikas Family History\",\"description\":\"1821 - 1923\",\"publisher\":{\"@id\":\"https:\/\/fikasfamily.gr\/fr\/#organization\"},\"potentialAction\":[{\"@type\":\"SearchAction\",\"target\":\"https:\/\/fikasfamily.gr\/fr\/?s={search_term_string}\",\"query-input\":\"required name=search_term_string\"}],\"inLanguage\":\"fr-FR\"},{\"@type\":\"ImageObject\",\"@id\":\"https:\/\/fikasfamily.gr\/fr\/inauguration-de-lexposition\/#primaryimage\",\"inLanguage\":\"fr-FR\",\"url\":\"https:\/\/fikasfamily.gr\/wp-content\/uploads\/2014\/12\/Aggelioforos-1.jpg\",\"width\":350,\"height\":83},{\"@type\":\"WebPage\",\"@id\":\"https:\/\/fikasfamily.gr\/fr\/inauguration-de-lexposition\/#webpage\",\"url\":\"https:\/\/fikasfamily.gr\/fr\/inauguration-de-lexposition\/\",\"name\":\"Inauguration de l'exposition - Fikas Family History\",\"isPartOf\":{\"@id\":\"https:\/\/fikasfamily.gr\/fr\/#website\"},\"primaryImageOfPage\":{\"@id\":\"https:\/\/fikasfamily.gr\/fr\/inauguration-de-lexposition\/#primaryimage\"},\"datePublished\":\"2014-12-16T09:44:00+00:00\",\"dateModified\":\"2015-01-22T07:34:03+00:00\",\"inLanguage\":\"fr-FR\",\"potentialAction\":[{\"@type\":\"ReadAction\",\"target\":[\"https:\/\/fikasfamily.gr\/fr\/inauguration-de-lexposition\/\"]}]}]}<\/script>\n<!-- \/ Yoast SEO plugin. -->","_links":{"self":[{"href":"https:\/\/fikasfamily.gr\/fr\/wp-json\/wp\/v2\/pages\/596"}],"collection":[{"href":"https:\/\/fikasfamily.gr\/fr\/wp-json\/wp\/v2\/pages"}],"about":[{"href":"https:\/\/fikasfamily.gr\/fr\/wp-json\/wp\/v2\/types\/page"}],"author":[{"embeddable":true,"href":"https:\/\/fikasfamily.gr\/fr\/wp-json\/wp\/v2\/users\/1"}],"replies":[{"embeddable":true,"href":"https:\/\/fikasfamily.gr\/fr\/wp-json\/wp\/v2\/comments?post=596"}],"version-history":[{"count":10,"href":"https:\/\/fikasfamily.gr\/fr\/wp-json\/wp\/v2\/pages\/596\/revisions"}],"predecessor-version":[{"id":809,"href":"https:\/\/fikasfamily.gr\/fr\/wp-json\/wp\/v2\/pages\/596\/revisions\/809"}],"wp:attachment":[{"href":"https:\/\/fikasfamily.gr\/fr\/wp-json\/wp\/v2\/media?parent=596"}],"curies":[{"name":"wp","href":"https:\/\/api.w.org\/{rel}","templated":true}]}}