{"id":588,"date":"2014-12-16T09:35:01","date_gmt":"2014-12-16T09:35:01","guid":{"rendered":"http:\/\/fikasfamily.gr\/?page_id=588"},"modified":"2020-10-05T14:47:33","modified_gmt":"2020-10-05T14:47:33","slug":"home-3","status":"publish","type":"page","link":"https:\/\/fikasfamily.gr\/fr\/","title":{"rendered":"Home"},"content":{"rendered":"<p>[vc_row][vc_column][rev_slider_vc alias=\u00a0\u00bbsliderFRA\u00a0\u00bb][\/vc_column][\/vc_row][vc_row full_width=\u00a0\u00bbfalse\u00a0\u00bb css=\u00a0\u00bb.vc_custom_1417531031751{margin-top: 0px !important;background-image: url(https:\/\/fikasfamily.gr\/wp-content\/uploads\/2014\/09\/bg3.jpg?id=93) !important;background-position: center !important;background-repeat: no-repeat !important;background-size: cover !important;}\u00a0\u00bb parallax_speed=\u00a0\u00bb0.8&Prime; bg_video_transparent=\u00a0\u00bb0&Prime;][vc_column][vc_empty_space height=\u00a0\u00bb62px\u00a0\u00bb][vc_row_inner][vc_column_inner][vc_empty_space][vc_separator border_width=\u00a0\u00bb1&Prime; separator_arrow=\u00a0\u00bbno\u00a0\u00bb arrow_width=\u00a0\u00bb12&Prime;][vc_empty_space][\/vc_column_inner][\/vc_row_inner][vc_row_inner][vc_column_inner width=\u00a0\u00bb1\/3&Prime;][vc_column_text]<\/p>\n<h6 style=\"text-align: center;\"><strong>1821-1828<br \/>\n<\/strong>GUERRE DE LIB\u00c9RATION NATIONALE<\/h6>\n<h5 style=\"text-align: center;\">D\u00c9M\u00c9TRIOS PHIKAS<b> (1795-1880)<\/b><\/h5>\n<p>[\/vc_column_text][\/vc_column_inner][vc_column_inner width=\u00a0\u00bb1\/3&Prime;][vc_column_text]<\/p>\n<h6 style=\"text-align: center;\"><strong>1904-1908<br \/>\n<\/strong>FRONT DE MAC\u00c9DOINE<\/h6>\n<h5 style=\"text-align: center;\">P\u00c9RICL\u00c8S PHIKAS<b>(1880-1963)<\/b><\/h5>\n<p>[\/vc_column_text][\/vc_column_inner][vc_column_inner width=\u00a0\u00bb1\/3&Prime;][vc_column_text]<\/p>\n<h6 style=\"text-align: center;\"><strong>1912-1913\u00a0 <\/strong>GUERRES BALKANIQUES <strong><br \/>\n1919-1922\u00a0 <\/strong>CAMPAGNE D\u2019ASIE MINEURE<\/h6>\n<h5 style=\"text-align: center;\">D\u00c9MOSTH\u00c8NE PHIKAS<b> (1892-1975)<\/b><\/h5>\n<p>[\/vc_column_text][\/vc_column_inner][\/vc_row_inner][vc_row_inner][vc_column_inner][vc_empty_space height=\u00a0\u00bb92px\u00a0\u00bb][\/vc_column_inner][\/vc_row_inner][\/vc_column][\/vc_row][vc_row full_width=\u00a0\u00bbfalse\u00a0\u00bb css=\u00a0\u00bb.vc_custom_1418460462544{padding-top: 100px !important;padding-right: 0px !important;padding-bottom: 100px !important;padding-left: 0px !important;background-image: url(https:\/\/fikasfamily.gr\/wp-content\/uploads\/2014\/09\/Dimosthenis57b1.jpg?id=117) !important;background-position: center !important;background-repeat: no-repeat !important;background-size: cover !important;}\u00a0\u00bb animation=\u00a0\u00bbtop-to-bottom\u00a0\u00bb enable_parallax=\u00a0\u00bbfalse\u00a0\u00bb parallax_speed=\u00a0\u00bb0&Prime; bg_video_transparent=\u00a0\u00bb0&Prime; type=\u00a0\u00bbww-custom\u00a0\u00bb][vc_column][vc_column_text]<\/p>\n<h2 style=\"text-align: center; text-shadow: 2px 2px 5px #000;\"><\/h2>\n<p>[\/vc_column_text][vc_empty_space height=\u00a0\u00bb1px\u00a0\u00bb][\/vc_column][\/vc_row][vc_row][vc_column][vc_empty_space][\/vc_column][\/vc_row][vc_row][vc_column width=\u00a0\u00bb1\/4&Prime;][vc_single_image image=\u00a0\u00bb910&Prime; img_size=\u00a0\u00bb250&#215;229&Prime; alignment=\u00a0\u00bbcenter\u00a0\u00bb onclick=\u00a0\u00bbcustom_link\u00a0\u00bb link=\u00a0\u00bb\/fr\/the-book\/\u00a0\u00bb][vc_column_text]<\/p>\n<p style=\"text-align: center;\"><em>l&rsquo;album<\/em><\/p>\n<p>[\/vc_column_text][\/vc_column][vc_column width=\u00a0\u00bb3\/4&Prime;][vc_column_text]<\/p>\n<h6>Une famille nombreuse pauvre de paysans grecs de Phthiotide, vit les aventures historiques de notre patrie dans un intervalle d\u2019environ cent ans (1821-1923).<\/h6>\n<h6>D\u00e9m\u00e9trios Phikas participe d\u00e8s le d\u00e9but (1821) \u00e0 la Guerre de Lib\u00e9ration nationale.<\/h6>\n<h6>P\u00e9ricl\u00e8s prend part \u00e0 la Guerre de Mac\u00e9doine (1904-1908). En 1910, il \u00e9migre en Am\u00e9rique. Abandonnant la perspective d\u2019une vie meilleure, il rentre en Gr\u00e8ce en tant que volontaire et prend part \u00e0 la Deuxi\u00e8me Guerre balkanique dans le r\u00e9giment des Evzones.<\/h6>\n<h6>D\u00e9mosth\u00e8ne Phikas, conscrit en 1911-1912, prend part \u00e0 la Premi\u00e8re et \u00e0 la Deuxi\u00e8me Guerre balkanique dans la brigade de cavalerie, ainsi qu\u2019\u00e0 la Premi\u00e8re Guerre mondiale et \u00e0 la campagne d\u2019Asie Mineure. Apr\u00e8s la bataille dans la r\u00e9gion de Tzoumagias (1913), il retrouve ses quatre fr\u00e8res a\u00een\u00e9s (P\u00e9ricl\u00e8s, H\u00e9racl\u00e8s, Ioannis et Constantin) qui font leur service en m\u00eame temps.<\/h6>\n<h6>Il est promu pour faits d\u2019armes et quitte l\u2019arm\u00e9e apr\u00e8s douze ans de service avec le grade de colonel de cavalerie.<\/h6>\n<h6><i>Ces hommes ne figurent pas parmi les h\u00e9ros retenus par l\u2019Histoire, ils se surpass\u00e8rent n\u00e9anmoins plus d\u2019une fois.\u00a0<\/i><\/h6>\n<h6><i>C\u2019\u00e9taient des hommes simples et communs tout comme des millions d\u2019autres Grecs dont un terrible \u00e9v\u00e9nement \u2013 la guerre \u2013 changea subitement la vie. Ils servirent durant de longues ann\u00e9es, se trouv\u00e8rent tr\u00e8s loin de chez eux, perdirent des parents et des amis, sentirent autour d\u2019eux la pr\u00e9sence froide de la mort. Leurs r\u00eaves modestes devinrent visionnaires et de Grandes Id\u00e9es. Les livres d\u2019histoire ne parlent pas d\u2019eux, mais eux ont \u00e9crit leur propre Histoire.<\/i><\/h6>\n<p>[\/vc_column_text][\/vc_column][\/vc_row][vc_row][vc_column][vc_empty_space][\/vc_column][\/vc_row][vc_row full_width=\u00a0\u00bbfalse\u00a0\u00bb css=\u00a0\u00bb.vc_custom_1417084405773{background-color: #a3a3a3 !important;}\u00a0\u00bb parallax_speed=\u00a0\u00bb0.8&Prime; bg_video_transparent=\u00a0\u00bb0&Prime;][vc_column][vc_empty_space][vc_single_image image=\u00a0\u00bb1282&Prime; img_size=\u00a0\u00bb258&#215;40&Prime; alignment=\u00a0\u00bbcenter\u00a0\u00bb onclick=\u00a0\u00bbcustom_link\u00a0\u00bb img_link_target=\u00a0\u00bb_blank\u00a0\u00bb link=\u00a0\u00bbhttp:\/\/www.warmuseumthessaloniki.com\u00a0\u00bb][vc_column_text css=\u00a0\u00bb.vc_custom_1418722497939{margin-right: 190px !important;margin-left: 190px !important;}\u00a0\u00bb]<\/p>\n<h5 class=\"font_8\" style=\"text-align: center;\"><span style=\"color: #ffffff;\">MUS\u00c9E DE LA GUERRE DE THESSALONIQUE<\/span><\/h5>\n<p>[\/vc_column_text][vc_empty_space][\/vc_column][\/vc_row]<\/p>\n","protected":false},"excerpt":{"rendered":"<p>[vc_row][vc_column][rev_slider_vc alias=\u00a0\u00bbsliderFRA\u00a0\u00bb][\/vc_column][\/vc_row][vc_row full_width=\u00a0\u00bbfalse\u00a0\u00bb css=\u00a0\u00bb.vc_custom_1417531031751{margin-top: 0px !important;background-image: url(https:\/\/fikasfamily.gr\/wp-content\/uploads\/2014\/09\/bg3.jpg?id=93) !important;background-position: center !important;background-repeat: [&hellip;]<\/p>\n","protected":false},"author":1,"featured_media":0,"parent":0,"menu_order":0,"comment_status":"closed","ping_status":"closed","template":"","meta":[],"yoast_head":"<!-- This site is optimized with the Yoast SEO plugin v15.0 - https:\/\/yoast.com\/wordpress\/plugins\/seo\/ -->\n<title>Home - Fikas Family History<\/title>\n<meta name=\"robots\" content=\"index, follow, max-snippet:-1, max-image-preview:large, max-video-preview:-1\" \/>\n<link rel=\"canonical\" href=\"https:\/\/fikasfamily.gr\/fr\/\" \/>\n<meta property=\"og:locale\" content=\"fr_FR\" \/>\n<meta property=\"og:type\" content=\"article\" \/>\n<meta property=\"og:title\" content=\"Home - Fikas Family History\" \/>\n<meta property=\"og:description\" content=\"[vc_row][vc_column][rev_slider_vc alias=\u00a0\u00bbsliderFRA\u00a0\u00bb][\/vc_column][\/vc_row][vc_row full_width=\u00a0\u00bbfalse\u00a0\u00bb css=\u00a0\u00bb.vc_custom_1417531031751{margin-top: 0px !important;background-image: url(https:\/\/fikasfamily.gr\/wp-content\/uploads\/2014\/09\/bg3.jpg?id=93) !important;background-position: center !important;background-repeat: [&hellip;]\" \/>\n<meta property=\"og:url\" content=\"https:\/\/fikasfamily.gr\/fr\/\" \/>\n<meta property=\"og:site_name\" content=\"Fikas Family History\" \/>\n<meta property=\"article:modified_time\" content=\"2020-10-05T14:47:33+00:00\" \/>\n<meta name=\"twitter:card\" content=\"summary_large_image\" \/>\n<script type=\"application\/ld+json\" class=\"yoast-schema-graph\">{\"@context\":\"https:\/\/schema.org\",\"@graph\":[{\"@type\":\"Organization\",\"@id\":\"https:\/\/fikasfamily.gr\/fr\/#organization\",\"name\":\"Fikas Family\",\"url\":\"https:\/\/fikasfamily.gr\/fr\/\",\"sameAs\":[],\"logo\":{\"@type\":\"ImageObject\",\"@id\":\"https:\/\/fikasfamily.gr\/fr\/#logo\",\"inLanguage\":\"fr-FR\",\"url\":\"https:\/\/fikasfamily.gr\/wp-content\/uploads\/2014\/12\/Clock2.png\",\"width\":260,\"height\":123,\"caption\":\"Fikas Family\"},\"image\":{\"@id\":\"https:\/\/fikasfamily.gr\/fr\/#logo\"}},{\"@type\":\"WebSite\",\"@id\":\"https:\/\/fikasfamily.gr\/fr\/#website\",\"url\":\"https:\/\/fikasfamily.gr\/fr\/\",\"name\":\"Fikas Family History\",\"description\":\"1821 - 1923\",\"publisher\":{\"@id\":\"https:\/\/fikasfamily.gr\/fr\/#organization\"},\"potentialAction\":[{\"@type\":\"SearchAction\",\"target\":\"https:\/\/fikasfamily.gr\/fr\/?s={search_term_string}\",\"query-input\":\"required name=search_term_string\"}],\"inLanguage\":\"fr-FR\"},{\"@type\":\"WebPage\",\"@id\":\"https:\/\/fikasfamily.gr\/fr\/#webpage\",\"url\":\"https:\/\/fikasfamily.gr\/fr\/\",\"name\":\"Home - Fikas Family History\",\"isPartOf\":{\"@id\":\"https:\/\/fikasfamily.gr\/fr\/#website\"},\"datePublished\":\"2014-12-16T09:35:01+00:00\",\"dateModified\":\"2020-10-05T14:47:33+00:00\",\"inLanguage\":\"fr-FR\",\"potentialAction\":[{\"@type\":\"ReadAction\",\"target\":[\"https:\/\/fikasfamily.gr\/fr\/\"]}]}]}<\/script>\n<!-- \/ Yoast SEO plugin. -->","_links":{"self":[{"href":"https:\/\/fikasfamily.gr\/fr\/wp-json\/wp\/v2\/pages\/588"}],"collection":[{"href":"https:\/\/fikasfamily.gr\/fr\/wp-json\/wp\/v2\/pages"}],"about":[{"href":"https:\/\/fikasfamily.gr\/fr\/wp-json\/wp\/v2\/types\/page"}],"author":[{"embeddable":true,"href":"https:\/\/fikasfamily.gr\/fr\/wp-json\/wp\/v2\/users\/1"}],"replies":[{"embeddable":true,"href":"https:\/\/fikasfamily.gr\/fr\/wp-json\/wp\/v2\/comments?post=588"}],"version-history":[{"count":5,"href":"https:\/\/fikasfamily.gr\/fr\/wp-json\/wp\/v2\/pages\/588\/revisions"}],"predecessor-version":[{"id":1361,"href":"https:\/\/fikasfamily.gr\/fr\/wp-json\/wp\/v2\/pages\/588\/revisions\/1361"}],"wp:attachment":[{"href":"https:\/\/fikasfamily.gr\/fr\/wp-json\/wp\/v2\/media?parent=588"}],"curies":[{"name":"wp","href":"https:\/\/api.w.org\/{rel}","templated":true}]}}