{"id":563,"date":"2014-12-16T08:51:26","date_gmt":"2014-12-16T08:51:26","guid":{"rendered":"http:\/\/fikasfamily.gr\/?page_id=563"},"modified":"2014-12-16T09:16:25","modified_gmt":"2014-12-16T09:16:25","slug":"das-museum","status":"publish","type":"page","link":"https:\/\/fikasfamily.gr\/de\/das-museum\/","title":{"rendered":"Das Museum"},"content":{"rendered":"<p>[vc_row css=&#8220;.vc_custom_1417598567561{margin-top: 0px !important;margin-bottom: 0px !important;padding-top: 225px !important;padding-bottom: 225px !important;background-image: url(https:\/\/fikasfamily.gr\/wp-content\/uploads\/2014\/12\/museum2.jpg?id=233) !important;background-position: center !important;background-repeat: no-repeat !important;background-size: cover !important;}&#8220; type=&#8220;ww-custom&#8220; full_width=&#8220;false&#8220; animation=&#8220;scale-up&#8220; enable_parallax=&#8220;false&#8220; parallax_speed=&#8220;0.8&#8243; bg_video_transparent=&#8220;0&#8243;][vc_column width=&#8220;1\/1&#8243;][\/vc_column][\/vc_row][vc_row][vc_column width=&#8220;1\/1&#8243;][vc_row_inner][vc_column_inner width=&#8220;1\/2&#8243;][vc_empty_space height=&#8220;62px&#8220;][vc_single_image image=&#8220;281&#8243; border_color=&#8220;grey&#8220; img_link_target=&#8220;_self&#8220; img_size=&#8220;600&#215;375&#8243;][\/vc_column_inner][vc_column_inner width=&#8220;1\/2&#8243;][vc_empty_space height=&#8220;62px&#8220;][vc_custom_heading text=&#8220;Das Kriegmuseum von Thessaloniki&#8220; font_container=&#8220;tag:h2|font_size:28|text_align:left&#8220; google_fonts=&#8220;font_family:Abril%20Fatface%3Aregular|font_style:400%20regular%3A400%3Anormal&#8220;][vc_column_text]<\/p>\n<div id=\"WRchTxt5q-1467\" class=\"wysiwyg_viewer_skins_WRichTextNewSkintxtNew\">\n<div id=\"WRchTxt2-50b\" class=\"s20\" data-reactid=\".0.$SITE_ROOT.$SITE_STRUCTURE.$PAGES_CONTAINER.1.1.$SITE_PAGES.$c173b.1.$WRchTxt2-50b\">\n<div id=\"WRchTxt2-50b\" class=\"s20\" data-reactid=\".0.$SITE_ROOT.$SITE_STRUCTURE.$PAGES_CONTAINER.1.1.$SITE_PAGES.$c173b.1.$WRchTxt2-50b\">\n<p class=\"font_8\">Das Kriegsmuseum Thessaloniki stellt eine Erg\u00e4nzung zum Kriegsmuseum von Athen dar.<\/p>\n<p class=\"font_8\">Im Jahr 2000 \u00f6ffnete das Museum erstmals seine Tore f\u00fcr die \u00d6ffentlichkeit, die Geschichte des Geb\u00e4udes reicht jedoch bis in das Jahr 1900 zur\u00fcck, als es von dem italienischen Architekten Vitalliano Posseli entworfen wurde.<\/p>\n<p class=\"font_8\">Heute beherbergt es in seinen Sammlungen mehr als 10.000 Ausstellungsst\u00fccke, die die neuere und neuste Geschichte Griechenlands betreffen. Die Ausstellungen reichen von der Vorrevolution\u00e4ren Periode bis zu den Geschehnissen in Zypern im Jahr 1974 und behandeln unter anderem auch die Balkankriege und die beiden Weltkriege.In diesem historischen Rahmen trifft der Besucher auf Austellungsst\u00fccke aus den L\u00e4ndern der Verb\u00fcndeten und Gegner des griechischen Milit\u00e4rs.<\/p>\n<\/div>\n<\/div>\n<\/div>\n<p>[\/vc_column_text][\/vc_column_inner][\/vc_row_inner][\/vc_column][\/vc_row]<\/p>\n","protected":false},"excerpt":{"rendered":"<p>[vc_row css=&#8220;.vc_custom_1417598567561{margin-top: 0px !important;margin-bottom: 0px !important;padding-top: 225px !important;padding-bottom: 225px !important;background-image: [&hellip;]<\/p>\n","protected":false},"author":1,"featured_media":0,"parent":0,"menu_order":0,"comment_status":"open","ping_status":"closed","template":"","meta":[],"yoast_head":"<!-- This site is optimized with the Yoast SEO plugin v15.0 - https:\/\/yoast.com\/wordpress\/plugins\/seo\/ -->\n<title>Das Museum - Fikas Family History<\/title>\n<meta name=\"robots\" content=\"index, follow, max-snippet:-1, max-image-preview:large, max-video-preview:-1\" \/>\n<link rel=\"canonical\" href=\"https:\/\/fikasfamily.gr\/de\/das-museum\/\" \/>\n<meta property=\"og:locale\" content=\"de_DE\" \/>\n<meta property=\"og:type\" content=\"article\" \/>\n<meta property=\"og:title\" content=\"Das Museum - Fikas Family History\" \/>\n<meta property=\"og:description\" content=\"[vc_row css=&#8220;.vc_custom_1417598567561{margin-top: 0px !important;margin-bottom: 0px !important;padding-top: 225px !important;padding-bottom: 225px !important;background-image: [&hellip;]\" \/>\n<meta property=\"og:url\" content=\"https:\/\/fikasfamily.gr\/de\/das-museum\/\" \/>\n<meta property=\"og:site_name\" content=\"Fikas Family History\" \/>\n<meta property=\"article:modified_time\" content=\"2014-12-16T09:16:25+00:00\" \/>\n<meta name=\"twitter:card\" content=\"summary_large_image\" \/>\n<script type=\"application\/ld+json\" class=\"yoast-schema-graph\">{\"@context\":\"https:\/\/schema.org\",\"@graph\":[{\"@type\":\"Organization\",\"@id\":\"https:\/\/fikasfamily.gr\/de\/#organization\",\"name\":\"Fikas Family\",\"url\":\"https:\/\/fikasfamily.gr\/de\/\",\"sameAs\":[],\"logo\":{\"@type\":\"ImageObject\",\"@id\":\"https:\/\/fikasfamily.gr\/de\/#logo\",\"inLanguage\":\"de\",\"url\":\"https:\/\/fikasfamily.gr\/wp-content\/uploads\/2014\/12\/Clock2.png\",\"width\":260,\"height\":123,\"caption\":\"Fikas Family\"},\"image\":{\"@id\":\"https:\/\/fikasfamily.gr\/de\/#logo\"}},{\"@type\":\"WebSite\",\"@id\":\"https:\/\/fikasfamily.gr\/de\/#website\",\"url\":\"https:\/\/fikasfamily.gr\/de\/\",\"name\":\"Fikas Family History\",\"description\":\"1821 - 1923\",\"publisher\":{\"@id\":\"https:\/\/fikasfamily.gr\/de\/#organization\"},\"potentialAction\":[{\"@type\":\"SearchAction\",\"target\":\"https:\/\/fikasfamily.gr\/de\/?s={search_term_string}\",\"query-input\":\"required name=search_term_string\"}],\"inLanguage\":\"de\"},{\"@type\":\"WebPage\",\"@id\":\"https:\/\/fikasfamily.gr\/de\/das-museum\/#webpage\",\"url\":\"https:\/\/fikasfamily.gr\/de\/das-museum\/\",\"name\":\"Das Museum - Fikas Family History\",\"isPartOf\":{\"@id\":\"https:\/\/fikasfamily.gr\/de\/#website\"},\"datePublished\":\"2014-12-16T08:51:26+00:00\",\"dateModified\":\"2014-12-16T09:16:25+00:00\",\"inLanguage\":\"de\",\"potentialAction\":[{\"@type\":\"ReadAction\",\"target\":[\"https:\/\/fikasfamily.gr\/de\/das-museum\/\"]}]}]}<\/script>\n<!-- \/ Yoast SEO plugin. -->","_links":{"self":[{"href":"https:\/\/fikasfamily.gr\/de\/wp-json\/wp\/v2\/pages\/563"}],"collection":[{"href":"https:\/\/fikasfamily.gr\/de\/wp-json\/wp\/v2\/pages"}],"about":[{"href":"https:\/\/fikasfamily.gr\/de\/wp-json\/wp\/v2\/types\/page"}],"author":[{"embeddable":true,"href":"https:\/\/fikasfamily.gr\/de\/wp-json\/wp\/v2\/users\/1"}],"replies":[{"embeddable":true,"href":"https:\/\/fikasfamily.gr\/de\/wp-json\/wp\/v2\/comments?post=563"}],"version-history":[{"count":3,"href":"https:\/\/fikasfamily.gr\/de\/wp-json\/wp\/v2\/pages\/563\/revisions"}],"predecessor-version":[{"id":583,"href":"https:\/\/fikasfamily.gr\/de\/wp-json\/wp\/v2\/pages\/563\/revisions\/583"}],"wp:attachment":[{"href":"https:\/\/fikasfamily.gr\/de\/wp-json\/wp\/v2\/media?parent=563"}],"curies":[{"name":"wp","href":"https:\/\/api.w.org\/{rel}","templated":true}]}}