{"id":539,"date":"2014-12-16T08:14:04","date_gmt":"2014-12-16T08:14:04","guid":{"rendered":"http:\/\/fikasfamily.gr\/?page_id=539"},"modified":"2020-10-09T16:54:14","modified_gmt":"2020-10-09T16:54:14","slug":"thessaloniki-war-museum","status":"publish","type":"page","link":"https:\/\/fikasfamily.gr\/de\/","title":{"rendered":"Home"},"content":{"rendered":"<p>[vc_row][vc_column][rev_slider_vc alias=&#8220;sliderDEU&#8220;][\/vc_column][\/vc_row][vc_row full_width=&#8220;false&#8220; css=&#8220;.vc_custom_1417531031751{margin-top: 0px !important;background-image: url(https:\/\/fikasfamily.gr\/wp-content\/uploads\/2014\/09\/bg3.jpg?id=93) !important;background-position: center !important;background-repeat: no-repeat !important;background-size: cover !important;}&#8220; parallax_speed=&#8220;0.8&#8243; bg_video_transparent=&#8220;0&#8243;][vc_column][vc_empty_space height=&#8220;62px&#8220;][vc_row_inner][vc_column_inner][vc_empty_space][vc_separator border_width=&#8220;1&#8243; separator_arrow=&#8220;no&#8220; arrow_width=&#8220;12&#8243;][vc_empty_space][\/vc_column_inner][\/vc_row_inner][vc_row_inner][vc_column_inner width=&#8220;1\/3&#8243;][vc_column_text]<\/p>\n<h6 style=\"text-align: center;\"><strong>1821-1828<br \/>\n<\/strong>DER NATIONALE BEFREIUNGSKAMPF<\/h6>\n<h5 style=\"text-align: center;\">DIMITRIOS PHIKAS<b> (1795-1880)<\/b><\/h5>\n<p>[\/vc_column_text][\/vc_column_inner][vc_column_inner width=&#8220;1\/3&#8243;][vc_column_text]<\/p>\n<h6 style=\"text-align: center;\"><strong>1904-1908<br \/>\n<\/strong>DER MAKEDONISCHE KAMPF<\/h6>\n<h5 style=\"text-align: center;\">Pericles PHIKAS<b>(1880-1963)<\/b><\/h5>\n<p>[\/vc_column_text][\/vc_column_inner][vc_column_inner width=&#8220;1\/3&#8243;][vc_column_text]<\/p>\n<h6 style=\"text-align: center;\"><strong>1912-1913\u00a0 <\/strong>1st &amp; DER ERSTE &amp; ZWEITE BALKANKRIEG<strong><br \/>\n1919-1922\u00a0 <\/strong>DER KLEINASIATISCHE FELDZUG<\/h6>\n<h5 style=\"text-align: center;\">DEMOSTHENES PHIKAS<b>(1892-1975)<\/b><\/h5>\n<p>[\/vc_column_text][\/vc_column_inner][\/vc_row_inner][vc_row_inner][vc_column_inner][vc_empty_space height=&#8220;92px&#8220;][\/vc_column_inner][\/vc_row_inner][\/vc_column][\/vc_row][vc_row full_width=&#8220;false&#8220; css=&#8220;.vc_custom_1418460462544{padding-top: 100px !important;padding-right: 0px !important;padding-bottom: 100px !important;padding-left: 0px !important;background-image: url(https:\/\/fikasfamily.gr\/wp-content\/uploads\/2014\/09\/Dimosthenis57b1.jpg?id=117) !important;background-position: center !important;background-repeat: no-repeat !important;background-size: cover !important;}&#8220; animation=&#8220;top-to-bottom&#8220; enable_parallax=&#8220;false&#8220; parallax_speed=&#8220;0&#8243; bg_video_transparent=&#8220;0&#8243; type=&#8220;ww-custom&#8220;][vc_column][vc_column_text]<\/p>\n<h2 style=\"text-align: center; text-shadow: 2px 2px 5px #000;\"><\/h2>\n<p>[\/vc_column_text][vc_empty_space height=&#8220;1px&#8220;][\/vc_column][\/vc_row][vc_row][vc_column][vc_empty_space][\/vc_column][\/vc_row][vc_row][vc_column width=&#8220;1\/4&#8243;][vc_single_image image=&#8220;911&#8243; img_size=&#8220;250&#215;229&#8243; alignment=&#8220;center&#8220; onclick=&#8220;custom_link&#8220; link=&#8220;\/en\/the-book\/&#8220;][vc_column_text]<\/p>\n<p style=\"text-align: center;\">Das Album<\/p>\n<p>[\/vc_column_text][\/vc_column][vc_column width=&#8220;3\/4&#8243;][vc_column_text]<\/p>\n<h6>\u00dcber einen Zeitraum von ungef\u00e4hr 100 Jahren hinweg (1821-1923) erlebt eine arme griechische, vielk\u00f6pfige, l\u00e4ndliche Familie aus dem gebirgigen Fthiotida am eigenen Leib die abenteuerliche Geschichte unserer Heimat.<\/h6>\n<h6>Dimitrios Phikas nimmt von Beginn an (1821) am Nationalen Befreiungskampf Griechenlands teil.<\/h6>\n<h6>Perikles Phikas k\u00e4mpft im Makedonischen Freiheitskampf (1904-1908) und wandert im Jahr 1910 nach\u00a0 Amerika aus. Er gibt jedoch die Aussicht auf ein besseres Leben auf, um nach Griechenland zur\u00fcckzukehren und sich freiwillig mit dem Evzonen-Regiment zur Teilnahme am Zweiten Balkankrieg zu melden.<\/h6>\n<h6>Demosthenes Phikas, der in den Jahren 1911-1912 zum Wehrdienst einberufen wird, nimmt mit der Kavalleriebrigade am Ersten und Zweiten Balkankrieg sowie auch am Ersten Weltkrieg und am Kleinasiatischen Feldzug teil. Nach der Schlacht bei Tzoumagia (1913) trifft er auf seine vier \u00e4lteren Br\u00fcder (Perikles, Herakles, Ioannis und Konstantinos), die ihren Wehrdienst zur gleichen Zeit leisteten.<\/h6>\n<h6>Er wird aufgrund seiner Tapferkeit bef\u00f6rdert und nach zw\u00f6lfj\u00e4hrigem Milit\u00e4rdienst im Rang des Kavallerieobersts in den wohlverdienten Ruhestand versetzt.<\/h6>\n<h6>Diese Menschen geh\u00f6rten zwar nicht zu den bekannten Helden, doch wuchsen sie immer wieder \u00fcber sich selbst hinaus.<\/h6>\n<h6>Sie waren gew\u00f6hnliche Menschen, wie Millionen anderer Griechen, deren Leben urpl\u00f6tzlich durch ein schreckliches Ereignis \u2013 den Krieg \u2013 v\u00f6llig aus der Bahn geworfen wurde.<\/h6>\n<h6>Sie leisteten viele Jahre lang ihren Wehrdienst, wurden weit weg von ihren Familien und Heimatorten geschickt, verloren Verwandte und Freunde, f\u00fchlten immer wieder den Hauch des Todes um sich.<\/h6>\n<h6>Ihre kleinen Tr\u00e4ume wuchsen zu Wunschbildern und Visionen, die sich wiederum in gro\u00dfe Ideen verwandelten.<\/h6>\n<h6>In den Geschichtsb\u00fcchern finden sie zwar keine Erw\u00e4hnung, doch schrieb jeder von ihnen seine ganz pers\u00f6nliche Geschichte.<\/h6>\n<p>[\/vc_column_text][\/vc_column][\/vc_row][vc_row][vc_column][vc_empty_space][\/vc_column][\/vc_row][vc_row full_width=&#8220;false&#8220; css=&#8220;.vc_custom_1417084405773{background-color: #a3a3a3 !important;}&#8220; parallax_speed=&#8220;0.8&#8243; bg_video_transparent=&#8220;0&#8243;][vc_column][vc_empty_space][vc_single_image image=&#8220;1283&#8243; img_size=&#8220;258&#215;40&#8243; alignment=&#8220;center&#8220; onclick=&#8220;custom_link&#8220; img_link_target=&#8220;_blank&#8220; link=&#8220;http:\/\/www.warmuseumthessaloniki.com&#8220;][vc_column_text css=&#8220;.vc_custom_1418717639566{margin-right: 190px !important;margin-left: 190px !important;}&#8220;]<\/p>\n<h5 class=\"font_8\" style=\"text-align: center;\"><span style=\"color: #ffffff;\"><span class=\"color_25\">DAS KRIEGSMUSEUM VON THESSALONIKI<\/span><\/span><\/h5>\n<p>[\/vc_column_text][vc_empty_space][\/vc_column][\/vc_row]<\/p>\n","protected":false},"excerpt":{"rendered":"<p>[vc_row][vc_column][rev_slider_vc alias=&#8220;sliderDEU&#8220;][\/vc_column][\/vc_row][vc_row full_width=&#8220;false&#8220; css=&#8220;.vc_custom_1417531031751{margin-top: 0px !important;background-image: url(https:\/\/fikasfamily.gr\/wp-content\/uploads\/2014\/09\/bg3.jpg?id=93) !important;background-position: center !important;background-repeat: [&hellip;]<\/p>\n","protected":false},"author":1,"featured_media":0,"parent":0,"menu_order":0,"comment_status":"closed","ping_status":"closed","template":"","meta":[],"yoast_head":"<!-- This site is optimized with the Yoast SEO plugin v15.0 - https:\/\/yoast.com\/wordpress\/plugins\/seo\/ -->\n<title>Home - Fikas Family History<\/title>\n<meta name=\"description\" content=\"\u00dcber einen Zeitraum von ungef\u00e4hr 100 Jahren hinweg (1821-1923) erlebt eine arme griechische, vielk\u00f6pfige, l\u00e4ndliche Familie aus dem gebirgigen Fthiotida am eigenen Leib die abenteuerliche Geschichte unserer Heimat.\" \/>\n<meta name=\"robots\" content=\"index, follow, max-snippet:-1, max-image-preview:large, max-video-preview:-1\" \/>\n<link rel=\"canonical\" href=\"https:\/\/fikasfamily.gr\/de\/\" \/>\n<meta property=\"og:locale\" content=\"de_DE\" \/>\n<meta property=\"og:type\" content=\"article\" \/>\n<meta property=\"og:title\" content=\"Home - Fikas Family History\" \/>\n<meta property=\"og:description\" content=\"\u00dcber einen Zeitraum von ungef\u00e4hr 100 Jahren hinweg (1821-1923) erlebt eine arme griechische, vielk\u00f6pfige, l\u00e4ndliche Familie aus dem gebirgigen Fthiotida am eigenen Leib die abenteuerliche Geschichte unserer Heimat.\" \/>\n<meta property=\"og:url\" content=\"https:\/\/fikasfamily.gr\/de\/\" \/>\n<meta property=\"og:site_name\" content=\"Fikas Family History\" \/>\n<meta property=\"article:modified_time\" content=\"2020-10-09T16:54:14+00:00\" \/>\n<meta name=\"twitter:card\" content=\"summary_large_image\" \/>\n<script type=\"application\/ld+json\" class=\"yoast-schema-graph\">{\"@context\":\"https:\/\/schema.org\",\"@graph\":[{\"@type\":\"Organization\",\"@id\":\"https:\/\/fikasfamily.gr\/de\/#organization\",\"name\":\"Fikas Family\",\"url\":\"https:\/\/fikasfamily.gr\/de\/\",\"sameAs\":[],\"logo\":{\"@type\":\"ImageObject\",\"@id\":\"https:\/\/fikasfamily.gr\/de\/#logo\",\"inLanguage\":\"de\",\"url\":\"https:\/\/fikasfamily.gr\/wp-content\/uploads\/2014\/12\/Clock2.png\",\"width\":260,\"height\":123,\"caption\":\"Fikas Family\"},\"image\":{\"@id\":\"https:\/\/fikasfamily.gr\/de\/#logo\"}},{\"@type\":\"WebSite\",\"@id\":\"https:\/\/fikasfamily.gr\/de\/#website\",\"url\":\"https:\/\/fikasfamily.gr\/de\/\",\"name\":\"Fikas Family History\",\"description\":\"1821 - 1923\",\"publisher\":{\"@id\":\"https:\/\/fikasfamily.gr\/de\/#organization\"},\"potentialAction\":[{\"@type\":\"SearchAction\",\"target\":\"https:\/\/fikasfamily.gr\/de\/?s={search_term_string}\",\"query-input\":\"required name=search_term_string\"}],\"inLanguage\":\"de\"},{\"@type\":\"WebPage\",\"@id\":\"https:\/\/fikasfamily.gr\/de\/#webpage\",\"url\":\"https:\/\/fikasfamily.gr\/de\/\",\"name\":\"Home - Fikas Family History\",\"isPartOf\":{\"@id\":\"https:\/\/fikasfamily.gr\/de\/#website\"},\"datePublished\":\"2014-12-16T08:14:04+00:00\",\"dateModified\":\"2020-10-09T16:54:14+00:00\",\"description\":\"\\u00dcber einen Zeitraum von ungef\\u00e4hr 100 Jahren hinweg (1821-1923) erlebt eine arme griechische, vielk\\u00f6pfige, l\\u00e4ndliche Familie aus dem gebirgigen Fthiotida am eigenen Leib die abenteuerliche Geschichte unserer Heimat.\",\"inLanguage\":\"de\",\"potentialAction\":[{\"@type\":\"ReadAction\",\"target\":[\"https:\/\/fikasfamily.gr\/de\/\"]}]}]}<\/script>\n<!-- \/ Yoast SEO plugin. -->","_links":{"self":[{"href":"https:\/\/fikasfamily.gr\/de\/wp-json\/wp\/v2\/pages\/539"}],"collection":[{"href":"https:\/\/fikasfamily.gr\/de\/wp-json\/wp\/v2\/pages"}],"about":[{"href":"https:\/\/fikasfamily.gr\/de\/wp-json\/wp\/v2\/types\/page"}],"author":[{"embeddable":true,"href":"https:\/\/fikasfamily.gr\/de\/wp-json\/wp\/v2\/users\/1"}],"replies":[{"embeddable":true,"href":"https:\/\/fikasfamily.gr\/de\/wp-json\/wp\/v2\/comments?post=539"}],"version-history":[{"count":5,"href":"https:\/\/fikasfamily.gr\/de\/wp-json\/wp\/v2\/pages\/539\/revisions"}],"predecessor-version":[{"id":1363,"href":"https:\/\/fikasfamily.gr\/de\/wp-json\/wp\/v2\/pages\/539\/revisions\/1363"}],"wp:attachment":[{"href":"https:\/\/fikasfamily.gr\/de\/wp-json\/wp\/v2\/media?parent=539"}],"curies":[{"name":"wp","href":"https:\/\/api.w.org\/{rel}","templated":true}]}}